{"id":2303,"date":"2026-03-12T23:12:21","date_gmt":"2026-03-12T23:12:21","guid":{"rendered":"https:\/\/equipar.org\/?page_id=2303"},"modified":"2026-04-16T19:00:26","modified_gmt":"2026-04-16T19:00:26","slug":"quiero-apoyar","status":"publish","type":"page","link":"https:\/\/equipar.org\/en\/quiero-apoyar\/","title":{"rendered":"I want to support"},"content":{"rendered":"<div data-elementor-type=\"wp-page\" data-elementor-id=\"2303\" class=\"elementor elementor-2303\" data-elementor-post-type=\"page\">\n\t\t\t\t<div class=\"elementor-element elementor-element-ab58bfa e-flex e-con-boxed e-con e-parent\" data-id=\"ab58bfa\" data-element_type=\"container\" data-e-type=\"container\">\n\t\t\t\t\t<div class=\"e-con-inner\">\n\t\t<div class=\"elementor-element elementor-element-8625d09 e-con-full e-flex e-con e-child\" data-id=\"8625d09\" data-element_type=\"container\" data-e-type=\"container\">\n\t\t<div class=\"elementor-element elementor-element-afae9a6 e-con-full e-flex e-con e-child\" data-id=\"afae9a6\" data-element_type=\"container\" data-e-type=\"container\">\n\t\t\t\t<div class=\"elementor-element elementor-element-401eb0e elementor-widget elementor-widget-image\" data-id=\"401eb0e\" data-element_type=\"widget\" data-e-type=\"widget\" data-settings=\"{&quot;motion_fx_motion_fx_mouse&quot;:&quot;yes&quot;,&quot;motion_fx_mouseTrack_effect&quot;:&quot;yes&quot;,&quot;motion_fx_mouseTrack_direction&quot;:&quot;negative&quot;,&quot;motion_fx_mouseTrack_speed&quot;:{&quot;unit&quot;:&quot;px&quot;,&quot;size&quot;:0.4,&quot;sizes&quot;:[]}}\" data-widget_type=\"image.default\">\n\t\t\t\t\t\t\t\t\t\t\t\t\t\t\t<img decoding=\"async\" src=\"https:\/\/equipar.org\/wp-content\/uploads\/elementor\/thumbs\/apoyar-rkf6i2tgdpmz8lmz0rq8k5vyd9r6kecggissurhykk.png\" title=\"to support\" alt=\"apoyar\" loading=\"lazy\" \/>\t\t\t\t\t\t\t\t\t\t\t\t\t\t\t<\/div>\n\t\t\t\t<div class=\"elementor-element elementor-element-dd4273c elementor-absolute elementor-widget elementor-widget-image\" data-id=\"dd4273c\" data-element_type=\"widget\" data-e-type=\"widget\" data-settings=\"{&quot;_position&quot;:&quot;absolute&quot;,&quot;motion_fx_motion_fx_mouse&quot;:&quot;yes&quot;,&quot;motion_fx_mouseTrack_effect&quot;:&quot;yes&quot;,&quot;motion_fx_mouseTrack_speed&quot;:{&quot;unit&quot;:&quot;px&quot;,&quot;size&quot;:0.3,&quot;sizes&quot;:[]}}\" data-widget_type=\"image.default\">\n\t\t\t\t\t\t\t\t\t\t\t\t\t\t\t<img fetchpriority=\"high\" decoding=\"async\" width=\"1178\" height=\"1130\" src=\"https:\/\/equipar.org\/wp-content\/uploads\/2026\/03\/apoyar-s.png\" class=\"attachment-full size-full wp-image-2305\" alt=\"\" srcset=\"https:\/\/equipar.org\/wp-content\/uploads\/2026\/03\/apoyar-s.png 1178w, https:\/\/equipar.org\/wp-content\/uploads\/2026\/03\/apoyar-s-300x288.png 300w, https:\/\/equipar.org\/wp-content\/uploads\/2026\/03\/apoyar-s-1024x982.png 1024w, https:\/\/equipar.org\/wp-content\/uploads\/2026\/03\/apoyar-s-768x737.png 768w\" sizes=\"(max-width: 1178px) 100vw, 1178px\" \/>\t\t\t\t\t\t\t\t\t\t\t\t\t\t\t<\/div>\n\t\t\t\t<\/div>\n\t\t\t\t<\/div>\n\t\t<div class=\"elementor-element elementor-element-1d30ebc e-con-full e-flex e-con e-child\" data-id=\"1d30ebc\" data-element_type=\"container\" data-e-type=\"container\">\n\t\t\t\t<div class=\"elementor-element elementor-element-a23a285 elementor-widget elementor-widget-heading\" data-id=\"a23a285\" data-element_type=\"widget\" data-e-type=\"widget\" data-widget_type=\"heading.default\">\n\t\t\t\t\t<h1 class=\"elementor-heading-title elementor-size-default\">I want to support<\/h1>\t\t\t\t<\/div>\n\t\t\t\t<div class=\"elementor-element elementor-element-d5c7fe3 elementor-widget elementor-widget-text-editor\" data-id=\"d5c7fe3\" data-element_type=\"widget\" data-e-type=\"widget\" data-widget_type=\"text-editor.default\">\n\t\t\t\t\t\t\t\t\t<p><span style=\"font-weight: 400;\">Your donations make our research possible and help give visibility to gender diversity and equity in Mexico <\/span><span style=\"font-weight: 400;\">and the rest of Latin America. <\/span><span style=\"font-weight: 400;\">F<\/span><span style=\"font-weight: 400;\">o<\/span><span style=\"font-weight: 400;\">llow us<\/span><span style=\"font-weight: 400;\"> on social media to stay informed and help amplify the impact of our work.<\/span><\/p>\t\t\t\t\t\t\t\t<\/div>\n\t\t\t\t<div class=\"elementor-element elementor-element-96662b7 elementor-widget elementor-widget-heading\" data-id=\"96662b7\" data-element_type=\"widget\" data-e-type=\"widget\" data-widget_type=\"heading.default\">\n\t\t\t\t\t<h6 class=\"elementor-heading-title elementor-size-default\">Donation amount<\/h6>\t\t\t\t<\/div>\n\t\t<div class=\"elementor-element elementor-element-4edf86c e-con-full e-flex e-con e-child\" data-id=\"4edf86c\" data-element_type=\"container\" data-e-type=\"container\">\n\t\t\t\t<div class=\"elementor-element elementor-element-852acd8 elementor-align-right elementor-widget elementor-widget-button\" data-id=\"852acd8\" data-element_type=\"widget\" data-e-type=\"widget\" data-widget_type=\"button.default\">\n\t\t\t\t\t\t\t\t\t\t<a class=\"elementor-button elementor-button-link elementor-size-sm\" href=\"https:\/\/donate.stripe.com\/6oUfZjc7BfcYgdTgC4gbm09\" target=\"_blank\">\n\t\t\t\t\t\t<span class=\"elementor-button-content-wrapper\">\n\t\t\t\t\t\t\t\t\t<span class=\"elementor-button-text\">$20 USD<\/span>\n\t\t\t\t\t<\/span>\n\t\t\t\t\t<\/a>\n\t\t\t\t\t\t\t\t<\/div>\n\t\t\t\t<div class=\"elementor-element elementor-element-c0196fa elementor-align-right elementor-widget elementor-widget-button\" data-id=\"c0196fa\" data-element_type=\"widget\" data-e-type=\"widget\" data-widget_type=\"button.default\">\n\t\t\t\t\t\t\t\t\t\t<a class=\"elementor-button elementor-button-link elementor-size-sm\" href=\"https:\/\/donate.stripe.com\/00w9AV4F93ug3r70D6gbm0a\" target=\"_blank\">\n\t\t\t\t\t\t<span class=\"elementor-button-content-wrapper\">\n\t\t\t\t\t\t\t\t\t<span class=\"elementor-button-text\">$50 USD<\/span>\n\t\t\t\t\t<\/span>\n\t\t\t\t\t<\/a>\n\t\t\t\t\t\t\t\t<\/div>\n\t\t\t\t<div class=\"elementor-element elementor-element-7fab665 elementor-align-right elementor-widget elementor-widget-button\" data-id=\"7fab665\" data-element_type=\"widget\" data-e-type=\"widget\" data-widget_type=\"button.default\">\n\t\t\t\t\t\t\t\t\t\t<a class=\"elementor-button elementor-button-link elementor-size-sm\" href=\"https:\/\/donate.stripe.com\/7sY3cx7Rl9SE6Dj3Pigbm0b\" target=\"_blank\">\n\t\t\t\t\t\t<span class=\"elementor-button-content-wrapper\">\n\t\t\t\t\t\t\t\t\t<span class=\"elementor-button-text\">$100 USD<\/span>\n\t\t\t\t\t<\/span>\n\t\t\t\t\t<\/a>\n\t\t\t\t\t\t\t\t<\/div>\n\t\t\t\t<div class=\"elementor-element elementor-element-0550c74 elementor-align-right elementor-widget elementor-widget-button\" data-id=\"0550c74\" data-element_type=\"widget\" data-e-type=\"widget\" data-widget_type=\"button.default\">\n\t\t\t\t\t\t\t\t\t\t<a class=\"elementor-button elementor-button-link elementor-size-sm\" href=\"https:\/\/donate.stripe.com\/aFa28t5Jdd4Q1iZ1Hagbm0c\" target=\"_blank\">\n\t\t\t\t\t\t<span class=\"elementor-button-content-wrapper\">\n\t\t\t\t\t\t\t\t\t<span class=\"elementor-button-text\">Another amount<\/span>\n\t\t\t\t\t<\/span>\n\t\t\t\t\t<\/a>\n\t\t\t\t\t\t\t\t<\/div>\n\t\t\t\t<\/div>\n\t\t\t\t<div class=\"elementor-element elementor-element-6587641 elementor-hidden-desktop elementor-hidden-tablet elementor-hidden-mobile elementor-widget elementor-widget-text-editor\" data-id=\"6587641\" data-element_type=\"widget\" data-e-type=\"widget\" data-widget_type=\"text-editor.default\">\n\t\t\t\t\t\t\t\t\t<p>Tu donaci\u00f3n es deducible de impuestos.<\/p>\t\t\t\t\t\t\t\t<\/div>\n\t\t\t\t<\/div>\n\t\t\t\t\t<\/div>\n\t\t\t\t<\/div>\n\t\t\t\t<\/div>","protected":false},"excerpt":{"rendered":"<p>Quiero apoyar Tus donativos hacen posible nuestra investigaci\u00f3n y ayudan a dar visibilidad a la diversidad y equidad de g\u00e9nero en M\u00e9xico y el resto de hispanoam\u00e9rica. S\u00edguenos tambi\u00e9n en redes sociales para mantenerte informado y amplificar el impacto de nuestro trabajo. Importe de la donaci\u00f3n $200 MXN $500 MXN $1,000 MXN Otro Tu donaci\u00f3n [&hellip;]<\/p>\n","protected":false},"author":2,"featured_media":0,"parent":0,"menu_order":0,"comment_status":"closed","ping_status":"closed","template":"","meta":{"_acf_changed":false,"footnotes":""},"class_list":["post-2303","page","type-page","status-publish","hentry"],"acf":[],"yoast_head":"<!-- This site is optimized with the Yoast SEO plugin v27.4 - https:\/\/yoast.com\/product\/yoast-seo-wordpress\/ -->\n<title>Quiero apoyar - equipar.org<\/title>\n<meta name=\"description\" content=\"Tus donativos hacen posible nuestra investigaci\u00f3n y ayudan a dar visibilidad a la diversidad y equidad de g\u00e9nero en M\u00e9xico.\" \/>\n<meta name=\"robots\" content=\"index, follow, max-snippet:-1, max-image-preview:large, max-video-preview:-1\" \/>\n<link rel=\"canonical\" href=\"https:\/\/equipar.org\/en\/quiero-apoyar\/\" \/>\n<meta property=\"og:locale\" content=\"en_US\" \/>\n<meta property=\"og:type\" content=\"article\" \/>\n<meta property=\"og:title\" content=\"Quiero apoyar - equipar.org\" \/>\n<meta property=\"og:description\" content=\"Tus donativos hacen posible nuestra investigaci\u00f3n y ayudan a dar visibilidad a la diversidad y equidad de g\u00e9nero en M\u00e9xico.\" \/>\n<meta property=\"og:url\" content=\"https:\/\/equipar.org\/en\/quiero-apoyar\/\" \/>\n<meta property=\"og:site_name\" content=\"equipar.org\" \/>\n<meta property=\"article:modified_time\" content=\"2026-04-16T19:00:26+00:00\" \/>\n<meta property=\"og:image\" content=\"https:\/\/equipar.org\/wp-content\/uploads\/elementor\/thumbs\/apoyar-rkf6i2tgdpmz8lmz0rq8k5vyd9r6kecggissurhykk.png\" \/>\n<meta name=\"twitter:card\" content=\"summary_large_image\" \/>\n<meta name=\"twitter:label1\" content=\"Est. reading time\" \/>\n\t<meta name=\"twitter:data1\" content=\"1 minute\" \/>\n<script type=\"application\/ld+json\" class=\"yoast-schema-graph\">{\"@context\":\"https:\\\/\\\/schema.org\",\"@graph\":[{\"@type\":\"WebPage\",\"@id\":\"https:\\\/\\\/equipar.org\\\/quiero-apoyar\\\/\",\"url\":\"https:\\\/\\\/equipar.org\\\/quiero-apoyar\\\/\",\"name\":\"Quiero apoyar - equipar.org\",\"isPartOf\":{\"@id\":\"https:\\\/\\\/equipar.org\\\/#website\"},\"primaryImageOfPage\":{\"@id\":\"https:\\\/\\\/equipar.org\\\/quiero-apoyar\\\/#primaryimage\"},\"image\":{\"@id\":\"https:\\\/\\\/equipar.org\\\/quiero-apoyar\\\/#primaryimage\"},\"thumbnailUrl\":\"https:\\\/\\\/equipar.org\\\/wp-content\\\/uploads\\\/elementor\\\/thumbs\\\/apoyar-rkf6i2tgdpmz8lmz0rq8k5vyd9r6kecggissurhykk.png\",\"datePublished\":\"2026-03-12T23:12:21+00:00\",\"dateModified\":\"2026-04-16T19:00:26+00:00\",\"description\":\"Tus donativos hacen posible nuestra investigaci\u00f3n y ayudan a dar visibilidad a la diversidad y equidad de g\u00e9nero en M\u00e9xico.\",\"breadcrumb\":{\"@id\":\"https:\\\/\\\/equipar.org\\\/quiero-apoyar\\\/#breadcrumb\"},\"inLanguage\":\"en-US\",\"potentialAction\":[{\"@type\":\"ReadAction\",\"target\":[\"https:\\\/\\\/equipar.org\\\/quiero-apoyar\\\/\"]}]},{\"@type\":\"ImageObject\",\"inLanguage\":\"en-US\",\"@id\":\"https:\\\/\\\/equipar.org\\\/quiero-apoyar\\\/#primaryimage\",\"url\":\"https:\\\/\\\/equipar.org\\\/wp-content\\\/uploads\\\/elementor\\\/thumbs\\\/apoyar-rkf6i2tgdpmz8lmz0rq8k5vyd9r6kecggissurhykk.png\",\"contentUrl\":\"https:\\\/\\\/equipar.org\\\/wp-content\\\/uploads\\\/elementor\\\/thumbs\\\/apoyar-rkf6i2tgdpmz8lmz0rq8k5vyd9r6kecggissurhykk.png\"},{\"@type\":\"BreadcrumbList\",\"@id\":\"https:\\\/\\\/equipar.org\\\/quiero-apoyar\\\/#breadcrumb\",\"itemListElement\":[{\"@type\":\"ListItem\",\"position\":1,\"name\":\"Home\",\"item\":\"https:\\\/\\\/equipar.org\\\/\"},{\"@type\":\"ListItem\",\"position\":2,\"name\":\"Quiero apoyar\"}]},{\"@type\":\"WebSite\",\"@id\":\"https:\\\/\\\/equipar.org\\\/#website\",\"url\":\"https:\\\/\\\/equipar.org\\\/\",\"name\":\"Equipar - Todo el talento cuenta\",\"description\":\"Equipar\",\"publisher\":{\"@id\":\"https:\\\/\\\/equipar.org\\\/#organization\"},\"alternateName\":\"Equipar\",\"potentialAction\":[{\"@type\":\"SearchAction\",\"target\":{\"@type\":\"EntryPoint\",\"urlTemplate\":\"https:\\\/\\\/equipar.org\\\/?s={search_term_string}\"},\"query-input\":{\"@type\":\"PropertyValueSpecification\",\"valueRequired\":true,\"valueName\":\"search_term_string\"}}],\"inLanguage\":\"en-US\"},{\"@type\":\"Organization\",\"@id\":\"https:\\\/\\\/equipar.org\\\/#organization\",\"name\":\"Equipar - Todo el talento cuenta\",\"alternateName\":\"Equipar\",\"url\":\"https:\\\/\\\/equipar.org\\\/\",\"logo\":{\"@type\":\"ImageObject\",\"inLanguage\":\"en-US\",\"@id\":\"https:\\\/\\\/equipar.org\\\/#\\\/schema\\\/logo\\\/image\\\/\",\"url\":\"https:\\\/\\\/equipar.org\\\/wp-content\\\/uploads\\\/2026\\\/02\\\/cropped-icon-equipar-negro.jpg\",\"contentUrl\":\"https:\\\/\\\/equipar.org\\\/wp-content\\\/uploads\\\/2026\\\/02\\\/cropped-icon-equipar-negro.jpg\",\"width\":512,\"height\":512,\"caption\":\"Equipar - Todo el talento cuenta\"},\"image\":{\"@id\":\"https:\\\/\\\/equipar.org\\\/#\\\/schema\\\/logo\\\/image\\\/\"}}]}<\/script>\n<!-- \/ Yoast SEO plugin. -->","yoast_head_json":{"title":"Quiero apoyar - equipar.org","description":"Tus donativos hacen posible nuestra investigaci\u00f3n y ayudan a dar visibilidad a la diversidad y equidad de g\u00e9nero en M\u00e9xico.","robots":{"index":"index","follow":"follow","max-snippet":"max-snippet:-1","max-image-preview":"max-image-preview:large","max-video-preview":"max-video-preview:-1"},"canonical":"https:\/\/equipar.org\/en\/quiero-apoyar\/","og_locale":"en_US","og_type":"article","og_title":"Quiero apoyar - equipar.org","og_description":"Tus donativos hacen posible nuestra investigaci\u00f3n y ayudan a dar visibilidad a la diversidad y equidad de g\u00e9nero en M\u00e9xico.","og_url":"https:\/\/equipar.org\/en\/quiero-apoyar\/","og_site_name":"equipar.org","article_modified_time":"2026-04-16T19:00:26+00:00","og_image":[{"url":"https:\/\/equipar.org\/wp-content\/uploads\/elementor\/thumbs\/apoyar-rkf6i2tgdpmz8lmz0rq8k5vyd9r6kecggissurhykk.png","type":"","width":"","height":""}],"twitter_card":"summary_large_image","twitter_misc":{"Est. reading time":"1 minute"},"schema":{"@context":"https:\/\/schema.org","@graph":[{"@type":"WebPage","@id":"https:\/\/equipar.org\/quiero-apoyar\/","url":"https:\/\/equipar.org\/quiero-apoyar\/","name":"Quiero apoyar - equipar.org","isPartOf":{"@id":"https:\/\/equipar.org\/#website"},"primaryImageOfPage":{"@id":"https:\/\/equipar.org\/quiero-apoyar\/#primaryimage"},"image":{"@id":"https:\/\/equipar.org\/quiero-apoyar\/#primaryimage"},"thumbnailUrl":"https:\/\/equipar.org\/wp-content\/uploads\/elementor\/thumbs\/apoyar-rkf6i2tgdpmz8lmz0rq8k5vyd9r6kecggissurhykk.png","datePublished":"2026-03-12T23:12:21+00:00","dateModified":"2026-04-16T19:00:26+00:00","description":"Tus donativos hacen posible nuestra investigaci\u00f3n y ayudan a dar visibilidad a la diversidad y equidad de g\u00e9nero en M\u00e9xico.","breadcrumb":{"@id":"https:\/\/equipar.org\/quiero-apoyar\/#breadcrumb"},"inLanguage":"en-US","potentialAction":[{"@type":"ReadAction","target":["https:\/\/equipar.org\/quiero-apoyar\/"]}]},{"@type":"ImageObject","inLanguage":"en-US","@id":"https:\/\/equipar.org\/quiero-apoyar\/#primaryimage","url":"https:\/\/equipar.org\/wp-content\/uploads\/elementor\/thumbs\/apoyar-rkf6i2tgdpmz8lmz0rq8k5vyd9r6kecggissurhykk.png","contentUrl":"https:\/\/equipar.org\/wp-content\/uploads\/elementor\/thumbs\/apoyar-rkf6i2tgdpmz8lmz0rq8k5vyd9r6kecggissurhykk.png"},{"@type":"BreadcrumbList","@id":"https:\/\/equipar.org\/quiero-apoyar\/#breadcrumb","itemListElement":[{"@type":"ListItem","position":1,"name":"Home","item":"https:\/\/equipar.org\/"},{"@type":"ListItem","position":2,"name":"Quiero apoyar"}]},{"@type":"WebSite","@id":"https:\/\/equipar.org\/#website","url":"https:\/\/equipar.org\/","name":"Equipar - Todo el talento cuenta","description":"Equipar","publisher":{"@id":"https:\/\/equipar.org\/#organization"},"alternateName":"Equipar","potentialAction":[{"@type":"SearchAction","target":{"@type":"EntryPoint","urlTemplate":"https:\/\/equipar.org\/?s={search_term_string}"},"query-input":{"@type":"PropertyValueSpecification","valueRequired":true,"valueName":"search_term_string"}}],"inLanguage":"en-US"},{"@type":"Organization","@id":"https:\/\/equipar.org\/#organization","name":"Equipar - Todo el talento cuenta","alternateName":"Equipar","url":"https:\/\/equipar.org\/","logo":{"@type":"ImageObject","inLanguage":"en-US","@id":"https:\/\/equipar.org\/#\/schema\/logo\/image\/","url":"https:\/\/equipar.org\/wp-content\/uploads\/2026\/02\/cropped-icon-equipar-negro.jpg","contentUrl":"https:\/\/equipar.org\/wp-content\/uploads\/2026\/02\/cropped-icon-equipar-negro.jpg","width":512,"height":512,"caption":"Equipar - Todo el talento cuenta"},"image":{"@id":"https:\/\/equipar.org\/#\/schema\/logo\/image\/"}}]}},"_hostinger_reach_plugin_has_subscription_block":false,"_hostinger_reach_plugin_is_elementor":false,"_links":{"self":[{"href":"https:\/\/equipar.org\/en\/wp-json\/wp\/v2\/pages\/2303","targetHints":{"allow":["GET"]}}],"collection":[{"href":"https:\/\/equipar.org\/en\/wp-json\/wp\/v2\/pages"}],"about":[{"href":"https:\/\/equipar.org\/en\/wp-json\/wp\/v2\/types\/page"}],"author":[{"embeddable":true,"href":"https:\/\/equipar.org\/en\/wp-json\/wp\/v2\/users\/2"}],"replies":[{"embeddable":true,"href":"https:\/\/equipar.org\/en\/wp-json\/wp\/v2\/comments?post=2303"}],"version-history":[{"count":97,"href":"https:\/\/equipar.org\/en\/wp-json\/wp\/v2\/pages\/2303\/revisions"}],"predecessor-version":[{"id":3510,"href":"https:\/\/equipar.org\/en\/wp-json\/wp\/v2\/pages\/2303\/revisions\/3510"}],"wp:attachment":[{"href":"https:\/\/equipar.org\/en\/wp-json\/wp\/v2\/media?parent=2303"}],"curies":[{"name":"wp","href":"https:\/\/api.w.org\/{rel}","templated":true}]}}