{"id":2293,"date":"2026-03-12T23:03:16","date_gmt":"2026-03-12T23:03:16","guid":{"rendered":"https:\/\/equipar.org\/?page_id=2293"},"modified":"2026-04-08T16:23:49","modified_gmt":"2026-04-08T16:23:49","slug":"quiero-participar","status":"publish","type":"page","link":"https:\/\/equipar.org\/en\/quiero-participar\/","title":{"rendered":"I want to participate"},"content":{"rendered":"\t\t<div data-elementor-type=\"wp-page\" data-elementor-id=\"2293\" class=\"elementor elementor-2293\" data-elementor-post-type=\"page\">\n\t\t\t\t<div class=\"elementor-element elementor-element-a9f4e12 e-flex e-con-boxed e-con e-parent\" data-id=\"a9f4e12\" data-element_type=\"container\" data-e-type=\"container\">\n\t\t\t\t\t<div class=\"e-con-inner\">\n\t\t<div class=\"elementor-element elementor-element-846270f e-con-full e-flex e-con e-child\" data-id=\"846270f\" data-element_type=\"container\" data-e-type=\"container\">\n\t\t\t\t<div class=\"elementor-element elementor-element-58a28ef elementor-widget elementor-widget-heading\" data-id=\"58a28ef\" data-element_type=\"widget\" data-e-type=\"widget\" data-widget_type=\"heading.default\">\n\t\t\t\t\t<h1 class=\"elementor-heading-title elementor-size-default\">Quiero participar<\/h1>\t\t\t\t<\/div>\n\t\t\t\t<div class=\"elementor-element elementor-element-903c017 elementor-widget elementor-widget-text-editor\" data-id=\"903c017\" data-element_type=\"widget\" data-e-type=\"widget\" data-widget_type=\"text-editor.default\">\n\t\t\t\t\t\t\t\t\t<p><span style=\"caret-color: #000000; color: #000000; white-space: pre-wrap;\">La participaci\u00f3n de tu empresa en el estudio 2026 es una oportunidad para generar conocimiento, impulsar decisiones m\u00e1s justas y formar parte activa de la transformaci\u00f3n hacia un entorno laboral m\u00e1s equitativo. <\/span><br style=\"caret-color: #000000; color: #000000;\" \/><br style=\"caret-color: #000000; color: #000000;\" \/><span style=\"caret-color: #000000; color: #000000; white-space: pre-wrap;\"><b>Por favor d\u00e9janos tus datos y nuestro equipo se pondr\u00e1 en contacto contigo a la brevedad.<\/b><\/span><\/p>\t\t\t\t\t\t\t\t<\/div>\n\t\t\t\t<div class=\"elementor-element elementor-element-dd7b2e3 elementor-widget elementor-widget-equipar_form\" data-id=\"dd7b2e3\" data-element_type=\"widget\" data-e-type=\"widget\" data-widget_type=\"equipar_form.default\">\n\t\t\t\t<div class=\"elementor-widget-container\">\n\t\t\t\t\t\t\t<div class=\"equipar-forms-wrap\" id=\"equipar-form-3039-9e808509-6318-4373-b0e5-bda11526d288\">\n\t\t\t<script type=\"application\/json\" class=\"equipar-forms-config-json\">{\"restUrl\":\"https:\\\/\\\/equipar.org\\\/en\\\/wp-json\\\/equipar-forms\\\/v1\\\/subscribe\",\"ajaxUrl\":\"https:\\\/\\\/equipar.org\\\/wp-admin\\\/admin-ajax.php\",\"action\":\"equipar_forms_subscribe\",\"formId\":3039,\"instanceId\":\"equipar-form-3039-9e808509-6318-4373-b0e5-bda11526d288\",\"i18n\":{\"invalidEmail\":\"Email inv\\u00e1lido.\",\"genericError\":\"No se pudo completar el registro. Intenta nuevamente.\"}}<\/script>\n\t\t\t<form class=\"equipar-forms\" method=\"post\" novalidate>\n\t\t\t\t<div class=\"equipar-forms-row\">\n\t\t\t\t\t<label class=\"equipar-forms-label\">\n\t\t\t\t\t\tEmail\t\t\t\t\t\t<input class=\"equipar-forms-input\" type=\"email\" name=\"email\" required autocomplete=\"email\" placeholder=\"\" \/>\n\t\t\t\t\t<\/label>\n\t\t\t\t<\/div>\n\n\t\t\t\t\t\t\t\t\t<div class=\"equipar-forms-row\">\n\t\t\t\t\t\t<label class=\"equipar-forms-label\">\n\t\t\t\t\t\t\tNombre\t\t\t\t\t\t\t<input class=\"equipar-forms-input\" type=\"text\" name=\"first_name\" autocomplete=\"given-name\" placeholder=\"\" \/>\n\t\t\t\t\t\t<\/label>\n\t\t\t\t\t<\/div>\n\t\t\t\t\n\t\t\t\t\t\t\t\t\t<div class=\"equipar-forms-row\">\n\t\t\t\t\t\t<label class=\"equipar-forms-label\">\n\t\t\t\t\t\t\tApellido\t\t\t\t\t\t\t<input class=\"equipar-forms-input\" type=\"text\" name=\"last_name\" autocomplete=\"family-name\" placeholder=\"\" \/>\n\t\t\t\t\t\t<\/label>\n\t\t\t\t\t<\/div>\n\t\t\t\t\n\t\t\t\t\t\t\t\t\t<div class=\"equipar-forms-row\">\n\t\t\t\t\t\t<label class=\"equipar-forms-label\">\n\t\t\t\t\t\t\tEmpresa\t\t\t\t\t\t\t<input class=\"equipar-forms-input\" type=\"text\" name=\"company\" autocomplete=\"organization\" placeholder=\"\" \/>\n\t\t\t\t\t\t<\/label>\n\t\t\t\t\t<\/div>\n\t\t\t\t\n\t\t\t\t\t\t\t\t\t<div class=\"equipar-forms-row\">\n\t\t\t\t\t\t<label class=\"equipar-forms-label\">\n\t\t\t\t\t\t\tPuesto\t\t\t\t\t\t\t<input class=\"equipar-forms-input\" type=\"text\" name=\"job_title\" autocomplete=\"organization-title\" placeholder=\"\" \/>\n\t\t\t\t\t\t<\/label>\n\t\t\t\t\t<\/div>\n\t\t\t\t\n\t\t\t\t\t\t\t\t\t<div class=\"equipar-forms-row\">\n\t\t\t\t\t\t<label class=\"equipar-forms-label\">\n\t\t\t\t\t\t\tMensaje\t\t\t\t\t\t\t<textarea class=\"equipar-forms-input\" name=\"message\" rows=\"4\" placeholder=\"\"><\/textarea>\n\t\t\t\t\t\t<\/label>\n\t\t\t\t\t<\/div>\n\t\t\t\t\n\t\t\t\t<div class=\"equipar-forms-actions\">\n\t\t\t\t\t<button class=\"equipar-forms-submit\" type=\"submit\">\n\t\t\t\t\t\tQuiero participar\t\t\t\t\t<\/button>\n\t\t\t\t<\/div>\n\n\t\t\t\t<div class=\"equipar-forms-feedback\" aria-live=\"polite\" style=\"display:none;\"><\/div>\n\t\t\t<\/form>\n\t\t<\/div>\n\t\t\t\t\t\t<\/div>\n\t\t\t\t<\/div>\n\t\t\t\t<\/div>\n\t\t<div class=\"elementor-element elementor-element-1fda2ed e-con-full e-flex e-con e-child\" data-id=\"1fda2ed\" data-element_type=\"container\" data-e-type=\"container\" data-settings=\"{&quot;sticky&quot;:&quot;top&quot;,&quot;sticky_offset&quot;:90,&quot;sticky_parent&quot;:&quot;yes&quot;,&quot;sticky_on&quot;:[&quot;desktop&quot;],&quot;sticky_effects_offset&quot;:0,&quot;sticky_anchor_link_offset&quot;:0}\">\n\t\t\t\t<div class=\"elementor-element elementor-element-9caea2b elementor-widget elementor-widget-image\" data-id=\"9caea2b\" data-element_type=\"widget\" data-e-type=\"widget\" data-settings=\"{&quot;motion_fx_motion_fx_mouse&quot;:&quot;yes&quot;,&quot;motion_fx_mouseTrack_effect&quot;:&quot;yes&quot;,&quot;motion_fx_mouseTrack_direction&quot;:&quot;negative&quot;,&quot;motion_fx_mouseTrack_speed&quot;:{&quot;unit&quot;:&quot;px&quot;,&quot;size&quot;:1,&quot;sizes&quot;:[]}}\" data-widget_type=\"image.default\">\n\t\t\t\t\t\t\t\t\t\t\t\t\t\t\t<img decoding=\"async\" src=\"https:\/\/equipar.org\/wp-content\/uploads\/elementor\/thumbs\/Contacto1-rjmzpgpiw18rrtaqtuhfxjhqywcyqneeovc83krpz8.png\" title=\"Contacto1\" alt=\"Contacto1\" loading=\"lazy\" \/>\t\t\t\t\t\t\t\t\t\t\t\t\t\t\t<\/div>\n\t\t\t\t<div class=\"elementor-element elementor-element-ec4449a elementor-absolute elementor-widget elementor-widget-image\" data-id=\"ec4449a\" data-element_type=\"widget\" data-e-type=\"widget\" data-settings=\"{&quot;_position&quot;:&quot;absolute&quot;,&quot;motion_fx_motion_fx_mouse&quot;:&quot;yes&quot;,&quot;motion_fx_mouseTrack_effect&quot;:&quot;yes&quot;,&quot;motion_fx_mouseTrack_speed&quot;:{&quot;unit&quot;:&quot;px&quot;,&quot;size&quot;:1,&quot;sizes&quot;:[]}}\" data-widget_type=\"image.default\">\n\t\t\t\t\t\t\t\t\t\t\t\t\t\t\t<img fetchpriority=\"high\" decoding=\"async\" width=\"800\" height=\"785\" src=\"https:\/\/equipar.org\/wp-content\/uploads\/2026\/02\/Contacto-sombra-1024x1005.png\" class=\"attachment-large size-large wp-image-992\" alt=\"\" srcset=\"https:\/\/equipar.org\/wp-content\/uploads\/2026\/02\/Contacto-sombra-1024x1005.png 1024w, https:\/\/equipar.org\/wp-content\/uploads\/2026\/02\/Contacto-sombra-300x294.png 300w, https:\/\/equipar.org\/wp-content\/uploads\/2026\/02\/Contacto-sombra-768x754.png 768w, https:\/\/equipar.org\/wp-content\/uploads\/2026\/02\/Contacto-sombra-1536x1507.png 1536w, https:\/\/equipar.org\/wp-content\/uploads\/2026\/02\/Contacto-sombra.png 1600w\" sizes=\"(max-width: 800px) 100vw, 800px\" \/>\t\t\t\t\t\t\t\t\t\t\t\t\t\t\t<\/div>\n\t\t\t\t<\/div>\n\t\t\t\t\t<\/div>\n\t\t\t\t<\/div>\n\t\t\t\t<\/div>\n\t\t","protected":false},"excerpt":{"rendered":"<p>Quiero participar La participaci\u00f3n de tu empresa en el estudio 2026 es una oportunidad para generar conocimiento, impulsar decisiones m\u00e1s justas y formar parte activa de la transformaci\u00f3n hacia un entorno laboral m\u00e1s equitativo. Por favor d\u00e9janos tus datos y nuestro equipo se pondr\u00e1 en contacto contigo a la brevedad. Email Nombre Apellido Empresa Puesto [&hellip;]<\/p>\n","protected":false},"author":2,"featured_media":0,"parent":0,"menu_order":0,"comment_status":"closed","ping_status":"closed","template":"","meta":{"_acf_changed":false,"footnotes":""},"class_list":["post-2293","page","type-page","status-publish","hentry"],"acf":[],"yoast_head":"<!-- This site is optimized with the Yoast SEO plugin v27.4 - https:\/\/yoast.com\/product\/yoast-seo-wordpress\/ -->\n<title>Quiero participar - equipar.org<\/title>\n<meta name=\"description\" content=\"La participaci\u00f3n de tu empresa en el estudio 2026 es una oportunidad para generar conocimiento, impulsar decisiones m\u00e1s justas...\" \/>\n<meta name=\"robots\" content=\"index, follow, max-snippet:-1, max-image-preview:large, max-video-preview:-1\" \/>\n<link rel=\"canonical\" href=\"https:\/\/equipar.org\/en\/quiero-participar\/\" \/>\n<meta property=\"og:locale\" content=\"en_US\" \/>\n<meta property=\"og:type\" content=\"article\" \/>\n<meta property=\"og:title\" content=\"Quiero participar - equipar.org\" \/>\n<meta property=\"og:description\" content=\"La participaci\u00f3n de tu empresa en el estudio 2026 es una oportunidad para generar conocimiento, impulsar decisiones m\u00e1s justas...\" \/>\n<meta property=\"og:url\" content=\"https:\/\/equipar.org\/en\/quiero-participar\/\" \/>\n<meta property=\"og:site_name\" content=\"equipar.org\" \/>\n<meta property=\"article:modified_time\" content=\"2026-04-08T16:23:49+00:00\" \/>\n<meta property=\"og:image\" content=\"https:\/\/equipar.org\/wp-content\/uploads\/elementor\/thumbs\/Contacto1-rjmzpgpiw18rrtaqtuhfxjhqywcyqneeovc83krpz8.png\" \/>\n<meta name=\"twitter:card\" content=\"summary_large_image\" \/>\n<meta name=\"twitter:label1\" content=\"Est. reading time\" \/>\n\t<meta name=\"twitter:data1\" content=\"1 minute\" \/>\n<script type=\"application\/ld+json\" class=\"yoast-schema-graph\">{\"@context\":\"https:\\\/\\\/schema.org\",\"@graph\":[{\"@type\":\"WebPage\",\"@id\":\"https:\\\/\\\/equipar.org\\\/quiero-participar\\\/\",\"url\":\"https:\\\/\\\/equipar.org\\\/quiero-participar\\\/\",\"name\":\"Quiero participar - equipar.org\",\"isPartOf\":{\"@id\":\"https:\\\/\\\/equipar.org\\\/#website\"},\"primaryImageOfPage\":{\"@id\":\"https:\\\/\\\/equipar.org\\\/quiero-participar\\\/#primaryimage\"},\"image\":{\"@id\":\"https:\\\/\\\/equipar.org\\\/quiero-participar\\\/#primaryimage\"},\"thumbnailUrl\":\"https:\\\/\\\/equipar.org\\\/wp-content\\\/uploads\\\/elementor\\\/thumbs\\\/Contacto1-rjmzpgpiw18rrtaqtuhfxjhqywcyqneeovc83krpz8.png\",\"datePublished\":\"2026-03-12T23:03:16+00:00\",\"dateModified\":\"2026-04-08T16:23:49+00:00\",\"description\":\"La participaci\u00f3n de tu empresa en el estudio 2026 es una oportunidad para generar conocimiento, impulsar decisiones m\u00e1s justas...\",\"breadcrumb\":{\"@id\":\"https:\\\/\\\/equipar.org\\\/quiero-participar\\\/#breadcrumb\"},\"inLanguage\":\"en-US\",\"potentialAction\":[{\"@type\":\"ReadAction\",\"target\":[\"https:\\\/\\\/equipar.org\\\/quiero-participar\\\/\"]}]},{\"@type\":\"ImageObject\",\"inLanguage\":\"en-US\",\"@id\":\"https:\\\/\\\/equipar.org\\\/quiero-participar\\\/#primaryimage\",\"url\":\"https:\\\/\\\/equipar.org\\\/wp-content\\\/uploads\\\/elementor\\\/thumbs\\\/Contacto1-rjmzpgpiw18rrtaqtuhfxjhqywcyqneeovc83krpz8.png\",\"contentUrl\":\"https:\\\/\\\/equipar.org\\\/wp-content\\\/uploads\\\/elementor\\\/thumbs\\\/Contacto1-rjmzpgpiw18rrtaqtuhfxjhqywcyqneeovc83krpz8.png\"},{\"@type\":\"BreadcrumbList\",\"@id\":\"https:\\\/\\\/equipar.org\\\/quiero-participar\\\/#breadcrumb\",\"itemListElement\":[{\"@type\":\"ListItem\",\"position\":1,\"name\":\"Home\",\"item\":\"https:\\\/\\\/equipar.org\\\/\"},{\"@type\":\"ListItem\",\"position\":2,\"name\":\"Quiero participar\"}]},{\"@type\":\"WebSite\",\"@id\":\"https:\\\/\\\/equipar.org\\\/#website\",\"url\":\"https:\\\/\\\/equipar.org\\\/\",\"name\":\"Equipar - Todo el talento cuenta\",\"description\":\"Equipar\",\"publisher\":{\"@id\":\"https:\\\/\\\/equipar.org\\\/#organization\"},\"alternateName\":\"Equipar\",\"potentialAction\":[{\"@type\":\"SearchAction\",\"target\":{\"@type\":\"EntryPoint\",\"urlTemplate\":\"https:\\\/\\\/equipar.org\\\/?s={search_term_string}\"},\"query-input\":{\"@type\":\"PropertyValueSpecification\",\"valueRequired\":true,\"valueName\":\"search_term_string\"}}],\"inLanguage\":\"en-US\"},{\"@type\":\"Organization\",\"@id\":\"https:\\\/\\\/equipar.org\\\/#organization\",\"name\":\"Equipar - Todo el talento cuenta\",\"alternateName\":\"Equipar\",\"url\":\"https:\\\/\\\/equipar.org\\\/\",\"logo\":{\"@type\":\"ImageObject\",\"inLanguage\":\"en-US\",\"@id\":\"https:\\\/\\\/equipar.org\\\/#\\\/schema\\\/logo\\\/image\\\/\",\"url\":\"https:\\\/\\\/equipar.org\\\/wp-content\\\/uploads\\\/2026\\\/02\\\/cropped-icon-equipar-negro.jpg\",\"contentUrl\":\"https:\\\/\\\/equipar.org\\\/wp-content\\\/uploads\\\/2026\\\/02\\\/cropped-icon-equipar-negro.jpg\",\"width\":512,\"height\":512,\"caption\":\"Equipar - Todo el talento cuenta\"},\"image\":{\"@id\":\"https:\\\/\\\/equipar.org\\\/#\\\/schema\\\/logo\\\/image\\\/\"}}]}<\/script>\n<!-- \/ Yoast SEO plugin. -->","yoast_head_json":{"title":"Quiero participar - equipar.org","description":"La participaci\u00f3n de tu empresa en el estudio 2026 es una oportunidad para generar conocimiento, impulsar decisiones m\u00e1s justas...","robots":{"index":"index","follow":"follow","max-snippet":"max-snippet:-1","max-image-preview":"max-image-preview:large","max-video-preview":"max-video-preview:-1"},"canonical":"https:\/\/equipar.org\/en\/quiero-participar\/","og_locale":"en_US","og_type":"article","og_title":"Quiero participar - equipar.org","og_description":"La participaci\u00f3n de tu empresa en el estudio 2026 es una oportunidad para generar conocimiento, impulsar decisiones m\u00e1s justas...","og_url":"https:\/\/equipar.org\/en\/quiero-participar\/","og_site_name":"equipar.org","article_modified_time":"2026-04-08T16:23:49+00:00","og_image":[{"url":"https:\/\/equipar.org\/wp-content\/uploads\/elementor\/thumbs\/Contacto1-rjmzpgpiw18rrtaqtuhfxjhqywcyqneeovc83krpz8.png","type":"","width":"","height":""}],"twitter_card":"summary_large_image","twitter_misc":{"Est. reading time":"1 minute"},"schema":{"@context":"https:\/\/schema.org","@graph":[{"@type":"WebPage","@id":"https:\/\/equipar.org\/quiero-participar\/","url":"https:\/\/equipar.org\/quiero-participar\/","name":"Quiero participar - equipar.org","isPartOf":{"@id":"https:\/\/equipar.org\/#website"},"primaryImageOfPage":{"@id":"https:\/\/equipar.org\/quiero-participar\/#primaryimage"},"image":{"@id":"https:\/\/equipar.org\/quiero-participar\/#primaryimage"},"thumbnailUrl":"https:\/\/equipar.org\/wp-content\/uploads\/elementor\/thumbs\/Contacto1-rjmzpgpiw18rrtaqtuhfxjhqywcyqneeovc83krpz8.png","datePublished":"2026-03-12T23:03:16+00:00","dateModified":"2026-04-08T16:23:49+00:00","description":"La participaci\u00f3n de tu empresa en el estudio 2026 es una oportunidad para generar conocimiento, impulsar decisiones m\u00e1s justas...","breadcrumb":{"@id":"https:\/\/equipar.org\/quiero-participar\/#breadcrumb"},"inLanguage":"en-US","potentialAction":[{"@type":"ReadAction","target":["https:\/\/equipar.org\/quiero-participar\/"]}]},{"@type":"ImageObject","inLanguage":"en-US","@id":"https:\/\/equipar.org\/quiero-participar\/#primaryimage","url":"https:\/\/equipar.org\/wp-content\/uploads\/elementor\/thumbs\/Contacto1-rjmzpgpiw18rrtaqtuhfxjhqywcyqneeovc83krpz8.png","contentUrl":"https:\/\/equipar.org\/wp-content\/uploads\/elementor\/thumbs\/Contacto1-rjmzpgpiw18rrtaqtuhfxjhqywcyqneeovc83krpz8.png"},{"@type":"BreadcrumbList","@id":"https:\/\/equipar.org\/quiero-participar\/#breadcrumb","itemListElement":[{"@type":"ListItem","position":1,"name":"Home","item":"https:\/\/equipar.org\/"},{"@type":"ListItem","position":2,"name":"Quiero participar"}]},{"@type":"WebSite","@id":"https:\/\/equipar.org\/#website","url":"https:\/\/equipar.org\/","name":"Equipar - Todo el talento cuenta","description":"Equipar","publisher":{"@id":"https:\/\/equipar.org\/#organization"},"alternateName":"Equipar","potentialAction":[{"@type":"SearchAction","target":{"@type":"EntryPoint","urlTemplate":"https:\/\/equipar.org\/?s={search_term_string}"},"query-input":{"@type":"PropertyValueSpecification","valueRequired":true,"valueName":"search_term_string"}}],"inLanguage":"en-US"},{"@type":"Organization","@id":"https:\/\/equipar.org\/#organization","name":"Equipar - Todo el talento cuenta","alternateName":"Equipar","url":"https:\/\/equipar.org\/","logo":{"@type":"ImageObject","inLanguage":"en-US","@id":"https:\/\/equipar.org\/#\/schema\/logo\/image\/","url":"https:\/\/equipar.org\/wp-content\/uploads\/2026\/02\/cropped-icon-equipar-negro.jpg","contentUrl":"https:\/\/equipar.org\/wp-content\/uploads\/2026\/02\/cropped-icon-equipar-negro.jpg","width":512,"height":512,"caption":"Equipar - Todo el talento cuenta"},"image":{"@id":"https:\/\/equipar.org\/#\/schema\/logo\/image\/"}}]}},"_links":{"self":[{"href":"https:\/\/equipar.org\/en\/wp-json\/wp\/v2\/pages\/2293","targetHints":{"allow":["GET"]}}],"collection":[{"href":"https:\/\/equipar.org\/en\/wp-json\/wp\/v2\/pages"}],"about":[{"href":"https:\/\/equipar.org\/en\/wp-json\/wp\/v2\/types\/page"}],"author":[{"embeddable":true,"href":"https:\/\/equipar.org\/en\/wp-json\/wp\/v2\/users\/2"}],"replies":[{"embeddable":true,"href":"https:\/\/equipar.org\/en\/wp-json\/wp\/v2\/comments?post=2293"}],"version-history":[{"count":43,"href":"https:\/\/equipar.org\/en\/wp-json\/wp\/v2\/pages\/2293\/revisions"}],"predecessor-version":[{"id":3327,"href":"https:\/\/equipar.org\/en\/wp-json\/wp\/v2\/pages\/2293\/revisions\/3327"}],"wp:attachment":[{"href":"https:\/\/equipar.org\/en\/wp-json\/wp\/v2\/media?parent=2293"}],"curies":[{"name":"wp","href":"https:\/\/api.w.org\/{rel}","templated":true}]}}