{"id":1043,"date":"2026-02-24T19:34:53","date_gmt":"2026-02-24T19:34:53","guid":{"rendered":"https:\/\/equipar.org\/?page_id=1043"},"modified":"2026-04-22T16:08:23","modified_gmt":"2026-04-22T16:08:23","slug":"aviso-de-privacidad","status":"publish","type":"page","link":"https:\/\/equipar.org\/en\/aviso-de-privacidad\/","title":{"rendered":"Aviso de Privacidad"},"content":{"rendered":"<div data-elementor-type=\"wp-page\" data-elementor-id=\"1043\" class=\"elementor elementor-1043\" data-elementor-post-type=\"page\">\n\t\t\t\t<div class=\"elementor-element elementor-element-a620dfd e-flex e-con-boxed e-con e-parent\" data-id=\"a620dfd\" data-element_type=\"container\" data-e-type=\"container\">\n\t\t\t\t\t<div class=\"e-con-inner\">\n\t\t\t\t<div class=\"elementor-element elementor-element-14067ac elementor-widget elementor-widget-heading\" data-id=\"14067ac\" data-element_type=\"widget\" data-e-type=\"widget\" data-widget_type=\"heading.default\">\n\t\t\t\t\t<h1 class=\"elementor-heading-title elementor-size-default\">Privacy Notice<\/h1>\t\t\t\t<\/div>\n\t\t\t\t<div class=\"elementor-element elementor-element-03610fe elementor-widget__width-initial elementor-widget elementor-widget-text-editor\" data-id=\"03610fe\" data-element_type=\"widget\" data-e-type=\"widget\" data-widget_type=\"text-editor.default\">\n\t\t\t\t\t\t\t\t\t<p><span style=\"caret-color: #000000; color: #000000; white-space: pre-wrap;\">Proyecto Equipar, based in Mexico City, is responsible for the processing of the personal data you provide through this website, which will be used exclusively for purposes related to our institutional activities, including communication, content dissemination, receipt of donations, and participation in studies and initiatives of the foundation.<\/span><br style=\"caret-color: #000000; color: #000000;\" \/><span style=\"caret-color: #000000; color: #000000; white-space: pre-wrap;\">\u00a0<\/span><br style=\"caret-color: #000000; color: #000000;\" \/><span style=\"caret-color: #000000; color: #000000; white-space: pre-wrap;\">The personal data we collect may include name, email address, contact information, and, where applicable, data related to donations or corporate participation. Under no circumstances will we share your data with third parties without your consent, except when required by law.<\/span><br style=\"caret-color: #000000; color: #000000;\" \/><span style=\"caret-color: #000000; color: #000000; white-space: pre-wrap;\">\u00a0<\/span><br style=\"caret-color: #000000; color: #000000;\" \/><span style=\"caret-color: #000000; color: #000000; white-space: pre-wrap;\">We implement administrative, technical, and physical security measures to protect your information against damage, loss, alteration, destruction, or unauthorized use. If required, you may exercise your rights of access, rectification, cancellation, or opposition (ARCO) by sending a request t <a style=\"text-decoration: underline;\" href=\"mailto:hola@equipar.org\" target=\"_blank\" rel=\"noopener\" data-fpl-component=\"primitive\">hola@equipar.org<\/a><\/span><br style=\"caret-color: #000000; color: #000000;\" \/><span style=\"caret-color: #000000; color: #000000; white-space: pre-wrap;\">\u00a0<\/span><br style=\"caret-color: #000000; color: #000000;\" \/><span style=\"caret-color: #000000; color: #000000; white-space: pre-wrap;\">This privacy notice may be updated to reflect changes in our practices or in applicable legislation. Any modification will be published in a timely manner on this website.<\/span><\/p>\t\t\t\t\t\t\t\t<\/div>\n\t\t\t\t\t<\/div>\n\t\t\t\t<\/div>\n\t\t\t\t<\/div>","protected":false},"excerpt":{"rendered":"<p>AVISO DE PRIVACIDAD Proyecto Equipar, domiciliado en Ciudad de M\u00e9xico, es responsable del tratamiento de los datos personales que nos proporciones a trav\u00e9s de este sitio web, los cuales ser\u00e1n utilizados exclusivamente para fines relacionados con nuestras actividades institucionales, incluyendo comunicaci\u00f3n, difusi\u00f3n de contenidos, recepci\u00f3n de donativos y participaci\u00f3n en estudios e iniciativas de la [&hellip;]<\/p>\n","protected":false},"author":2,"featured_media":1699,"parent":0,"menu_order":0,"comment_status":"closed","ping_status":"closed","template":"","meta":{"_acf_changed":false,"footnotes":""},"class_list":["post-1043","page","type-page","status-publish","has-post-thumbnail","hentry"],"acf":[],"yoast_head":"<!-- This site is optimized with the Yoast SEO plugin v27.4 - https:\/\/yoast.com\/product\/yoast-seo-wordpress\/ -->\n<title>Aviso de Privacidad - equipar.org<\/title>\n<meta name=\"description\" content=\"Aviso de privacidad\" \/>\n<meta name=\"robots\" content=\"index, follow, max-snippet:-1, max-image-preview:large, max-video-preview:-1\" \/>\n<link rel=\"canonical\" href=\"https:\/\/equipar.org\/en\/aviso-de-privacidad\/\" \/>\n<meta property=\"og:locale\" content=\"en_US\" \/>\n<meta property=\"og:type\" content=\"article\" \/>\n<meta property=\"og:title\" content=\"Aviso de Privacidad - equipar.org\" \/>\n<meta property=\"og:description\" content=\"Aviso de privacidad\" \/>\n<meta property=\"og:url\" content=\"https:\/\/equipar.org\/en\/aviso-de-privacidad\/\" \/>\n<meta property=\"og:site_name\" content=\"equipar.org\" \/>\n<meta property=\"article:modified_time\" content=\"2026-04-22T16:08:23+00:00\" \/>\n<meta property=\"og:image\" content=\"https:\/\/equipar.org\/wp-content\/uploads\/2026\/02\/Screenshot-2026-02-26-at-11.36.02-a.m-scaled.png\" \/>\n\t<meta property=\"og:image:width\" content=\"2560\" \/>\n\t<meta property=\"og:image:height\" content=\"1045\" \/>\n\t<meta property=\"og:image:type\" content=\"image\/png\" \/>\n<meta name=\"twitter:card\" content=\"summary_large_image\" \/>\n<meta name=\"twitter:label1\" content=\"Est. reading time\" \/>\n\t<meta name=\"twitter:data1\" content=\"1 minute\" \/>\n<script type=\"application\/ld+json\" class=\"yoast-schema-graph\">{\"@context\":\"https:\\\/\\\/schema.org\",\"@graph\":[{\"@type\":\"WebPage\",\"@id\":\"https:\\\/\\\/equipar.org\\\/aviso-de-privacidad\\\/\",\"url\":\"https:\\\/\\\/equipar.org\\\/aviso-de-privacidad\\\/\",\"name\":\"Aviso de Privacidad - equipar.org\",\"isPartOf\":{\"@id\":\"https:\\\/\\\/equipar.org\\\/#website\"},\"primaryImageOfPage\":{\"@id\":\"https:\\\/\\\/equipar.org\\\/aviso-de-privacidad\\\/#primaryimage\"},\"image\":{\"@id\":\"https:\\\/\\\/equipar.org\\\/aviso-de-privacidad\\\/#primaryimage\"},\"thumbnailUrl\":\"https:\\\/\\\/equipar.org\\\/wp-content\\\/uploads\\\/2026\\\/02\\\/Screenshot-2026-02-26-at-11.36.02-a.m-scaled.png\",\"datePublished\":\"2026-02-24T19:34:53+00:00\",\"dateModified\":\"2026-04-22T16:08:23+00:00\",\"description\":\"Aviso de privacidad\",\"breadcrumb\":{\"@id\":\"https:\\\/\\\/equipar.org\\\/aviso-de-privacidad\\\/#breadcrumb\"},\"inLanguage\":\"en-US\",\"potentialAction\":[{\"@type\":\"ReadAction\",\"target\":[\"https:\\\/\\\/equipar.org\\\/aviso-de-privacidad\\\/\"]}]},{\"@type\":\"ImageObject\",\"inLanguage\":\"en-US\",\"@id\":\"https:\\\/\\\/equipar.org\\\/aviso-de-privacidad\\\/#primaryimage\",\"url\":\"https:\\\/\\\/equipar.org\\\/wp-content\\\/uploads\\\/2026\\\/02\\\/Screenshot-2026-02-26-at-11.36.02-a.m-scaled.png\",\"contentUrl\":\"https:\\\/\\\/equipar.org\\\/wp-content\\\/uploads\\\/2026\\\/02\\\/Screenshot-2026-02-26-at-11.36.02-a.m-scaled.png\",\"width\":2560,\"height\":1045},{\"@type\":\"BreadcrumbList\",\"@id\":\"https:\\\/\\\/equipar.org\\\/aviso-de-privacidad\\\/#breadcrumb\",\"itemListElement\":[{\"@type\":\"ListItem\",\"position\":1,\"name\":\"Home\",\"item\":\"https:\\\/\\\/equipar.org\\\/\"},{\"@type\":\"ListItem\",\"position\":2,\"name\":\"Aviso de Privacidad\"}]},{\"@type\":\"WebSite\",\"@id\":\"https:\\\/\\\/equipar.org\\\/#website\",\"url\":\"https:\\\/\\\/equipar.org\\\/\",\"name\":\"Equipar - Todo el talento cuenta\",\"description\":\"Equipar\",\"publisher\":{\"@id\":\"https:\\\/\\\/equipar.org\\\/#organization\"},\"alternateName\":\"Equipar\",\"potentialAction\":[{\"@type\":\"SearchAction\",\"target\":{\"@type\":\"EntryPoint\",\"urlTemplate\":\"https:\\\/\\\/equipar.org\\\/?s={search_term_string}\"},\"query-input\":{\"@type\":\"PropertyValueSpecification\",\"valueRequired\":true,\"valueName\":\"search_term_string\"}}],\"inLanguage\":\"en-US\"},{\"@type\":\"Organization\",\"@id\":\"https:\\\/\\\/equipar.org\\\/#organization\",\"name\":\"Equipar - Todo el talento cuenta\",\"alternateName\":\"Equipar\",\"url\":\"https:\\\/\\\/equipar.org\\\/\",\"logo\":{\"@type\":\"ImageObject\",\"inLanguage\":\"en-US\",\"@id\":\"https:\\\/\\\/equipar.org\\\/#\\\/schema\\\/logo\\\/image\\\/\",\"url\":\"https:\\\/\\\/equipar.org\\\/wp-content\\\/uploads\\\/2026\\\/02\\\/cropped-icon-equipar-negro.jpg\",\"contentUrl\":\"https:\\\/\\\/equipar.org\\\/wp-content\\\/uploads\\\/2026\\\/02\\\/cropped-icon-equipar-negro.jpg\",\"width\":512,\"height\":512,\"caption\":\"Equipar - Todo el talento cuenta\"},\"image\":{\"@id\":\"https:\\\/\\\/equipar.org\\\/#\\\/schema\\\/logo\\\/image\\\/\"}}]}<\/script>\n<!-- \/ Yoast SEO plugin. -->","yoast_head_json":{"title":"Aviso de Privacidad - equipar.org","description":"Privacy Notice","robots":{"index":"index","follow":"follow","max-snippet":"max-snippet:-1","max-image-preview":"max-image-preview:large","max-video-preview":"max-video-preview:-1"},"canonical":"https:\/\/equipar.org\/en\/aviso-de-privacidad\/","og_locale":"en_US","og_type":"article","og_title":"Aviso de Privacidad - equipar.org","og_description":"Aviso de privacidad","og_url":"https:\/\/equipar.org\/en\/aviso-de-privacidad\/","og_site_name":"equipar.org","article_modified_time":"2026-04-22T16:08:23+00:00","og_image":[{"width":2560,"height":1045,"url":"https:\/\/equipar.org\/wp-content\/uploads\/2026\/02\/Screenshot-2026-02-26-at-11.36.02-a.m-scaled.png","type":"image\/png"}],"twitter_card":"summary_large_image","twitter_misc":{"Est. reading time":"1 minute"},"schema":{"@context":"https:\/\/schema.org","@graph":[{"@type":"WebPage","@id":"https:\/\/equipar.org\/aviso-de-privacidad\/","url":"https:\/\/equipar.org\/aviso-de-privacidad\/","name":"Aviso de Privacidad - equipar.org","isPartOf":{"@id":"https:\/\/equipar.org\/#website"},"primaryImageOfPage":{"@id":"https:\/\/equipar.org\/aviso-de-privacidad\/#primaryimage"},"image":{"@id":"https:\/\/equipar.org\/aviso-de-privacidad\/#primaryimage"},"thumbnailUrl":"https:\/\/equipar.org\/wp-content\/uploads\/2026\/02\/Screenshot-2026-02-26-at-11.36.02-a.m-scaled.png","datePublished":"2026-02-24T19:34:53+00:00","dateModified":"2026-04-22T16:08:23+00:00","description":"Privacy Notice","breadcrumb":{"@id":"https:\/\/equipar.org\/aviso-de-privacidad\/#breadcrumb"},"inLanguage":"en-US","potentialAction":[{"@type":"ReadAction","target":["https:\/\/equipar.org\/aviso-de-privacidad\/"]}]},{"@type":"ImageObject","inLanguage":"en-US","@id":"https:\/\/equipar.org\/aviso-de-privacidad\/#primaryimage","url":"https:\/\/equipar.org\/wp-content\/uploads\/2026\/02\/Screenshot-2026-02-26-at-11.36.02-a.m-scaled.png","contentUrl":"https:\/\/equipar.org\/wp-content\/uploads\/2026\/02\/Screenshot-2026-02-26-at-11.36.02-a.m-scaled.png","width":2560,"height":1045},{"@type":"BreadcrumbList","@id":"https:\/\/equipar.org\/aviso-de-privacidad\/#breadcrumb","itemListElement":[{"@type":"ListItem","position":1,"name":"Home","item":"https:\/\/equipar.org\/"},{"@type":"ListItem","position":2,"name":"Aviso de Privacidad"}]},{"@type":"WebSite","@id":"https:\/\/equipar.org\/#website","url":"https:\/\/equipar.org\/","name":"Equipar - Todo el talento cuenta","description":"Equipar","publisher":{"@id":"https:\/\/equipar.org\/#organization"},"alternateName":"Equipar","potentialAction":[{"@type":"SearchAction","target":{"@type":"EntryPoint","urlTemplate":"https:\/\/equipar.org\/?s={search_term_string}"},"query-input":{"@type":"PropertyValueSpecification","valueRequired":true,"valueName":"search_term_string"}}],"inLanguage":"en-US"},{"@type":"Organization","@id":"https:\/\/equipar.org\/#organization","name":"Equipar - Todo el talento cuenta","alternateName":"Equipar","url":"https:\/\/equipar.org\/","logo":{"@type":"ImageObject","inLanguage":"en-US","@id":"https:\/\/equipar.org\/#\/schema\/logo\/image\/","url":"https:\/\/equipar.org\/wp-content\/uploads\/2026\/02\/cropped-icon-equipar-negro.jpg","contentUrl":"https:\/\/equipar.org\/wp-content\/uploads\/2026\/02\/cropped-icon-equipar-negro.jpg","width":512,"height":512,"caption":"Equipar - Todo el talento cuenta"},"image":{"@id":"https:\/\/equipar.org\/#\/schema\/logo\/image\/"}}]}},"_hostinger_reach_plugin_has_subscription_block":false,"_hostinger_reach_plugin_is_elementor":false,"_links":{"self":[{"href":"https:\/\/equipar.org\/en\/wp-json\/wp\/v2\/pages\/1043","targetHints":{"allow":["GET"]}}],"collection":[{"href":"https:\/\/equipar.org\/en\/wp-json\/wp\/v2\/pages"}],"about":[{"href":"https:\/\/equipar.org\/en\/wp-json\/wp\/v2\/types\/page"}],"author":[{"embeddable":true,"href":"https:\/\/equipar.org\/en\/wp-json\/wp\/v2\/users\/2"}],"replies":[{"embeddable":true,"href":"https:\/\/equipar.org\/en\/wp-json\/wp\/v2\/comments?post=1043"}],"version-history":[{"count":4,"href":"https:\/\/equipar.org\/en\/wp-json\/wp\/v2\/pages\/1043\/revisions"}],"predecessor-version":[{"id":3582,"href":"https:\/\/equipar.org\/en\/wp-json\/wp\/v2\/pages\/1043\/revisions\/3582"}],"wp:featuredmedia":[{"embeddable":true,"href":"https:\/\/equipar.org\/en\/wp-json\/wp\/v2\/media\/1699"}],"wp:attachment":[{"href":"https:\/\/equipar.org\/en\/wp-json\/wp\/v2\/media?parent=1043"}],"curies":[{"name":"wp","href":"https:\/\/api.w.org\/{rel}","templated":true}]}}